{"id":30356,"date":"2017-07-10T00:49:40","date_gmt":"2017-07-10T00:49:40","guid":{"rendered":"http:\/\/carloscasado.com\/cc\/?page_id=30356"},"modified":"2018-02-25T19:08:00","modified_gmt":"2018-02-25T19:08:00","slug":"carlos-casado","status":"publish","type":"page","link":"https:\/\/carloscasado.com\/cc\/","title":{"rendered":"Inicio CarlosCasado.com"},"content":{"rendered":"<p>[et_pb_section bb_built=\u00bb1&#8243; admin_label=\u00bbPhotographer Categories Section\u00bb transparent_background=\u00bboff\u00bb background_color=\u00bb#000000&#8243; allow_player_pause=\u00bboff\u00bb inner_shadow=\u00bboff\u00bb parallax=\u00bboff\u00bb parallax_method=\u00bbon\u00bb custom_padding=\u00bb70px|0px|70px|0px\u00bb padding_mobile=\u00bboff\u00bb make_fullwidth=\u00bboff\u00bb use_custom_width=\u00bboff\u00bb width_unit=\u00bboff\u00bb make_equal=\u00bboff\u00bb use_custom_gutter=\u00bboff\u00bb fullwidth=\u00bboff\u00bb specialty=\u00bboff\u00bb custom_css_main_element=\u00bb100vh;\u00bb disabled=\u00bboff\u00bb collapsed=\u00bboff\u00bb][et_pb_row admin_label=\u00bbFila\u00bb disabled_on=\u00bboff|off|off\u00bb disabled=\u00bboff\u00bb make_fullwidth=\u00bbon\u00bb use_custom_width=\u00bboff\u00bb width_unit=\u00bbon\u00bb use_custom_gutter=\u00bboff\u00bb allow_player_pause=\u00bboff\u00bb parallax=\u00bboff\u00bb parallax_method=\u00bbon\u00bb make_equal=\u00bbon\u00bb parallax_1=\u00bboff\u00bb parallax_method_1=\u00bboff\u00bb parallax_2=\u00bboff\u00bb parallax_method_2=\u00bboff\u00bb][et_pb_column type=\u00bb1_2&#8243;][et_pb_image admin_label=\u00bbImagen &#8211; Logo Carlos Casado\u00bb src=\u00bbhttps:\/\/carloscasado.com\/cc\/wp-content\/uploads\/2017\/06\/carloscasado400.png\u00bb show_in_lightbox=\u00bboff\u00bb url_new_window=\u00bboff\u00bb use_overlay=\u00bboff\u00bb animation=\u00bbfade_in\u00bb sticky=\u00bbon\u00bb align=\u00bbcenter\u00bb force_fullwidth=\u00bboff\u00bb always_center_on_mobile=\u00bbon\u00bb use_border_color=\u00bboff\u00bb border_color=\u00bb#ffffff\u00bb border_style=\u00bbsolid\u00bb \/][\/et_pb_column][et_pb_column type=\u00bb1_2&#8243;][et_pb_text admin_label=\u00bbText\u00bb background_layout=\u00bblight\u00bb text_orientation=\u00bbjustified\u00bb text_font_size=\u00bb12&#8243; text_text_color=\u00bb#ffffff\u00bb text_letter_spacing=\u00bb1px\u00bb background_color=\u00bbrgba(255,255,255,0)\u00bb use_border_color=\u00bboff\u00bb border_style=\u00bbsolid\u00bb custom_margin=\u00bb|||\u00bb disabled=\u00bboff\u00bb border_color=\u00bb#ffffff\u00bb disabled_on=\u00bboff|off|off\u00bb text_line_height=\u00bb1.6em\u00bb]<\/p>\n<p>Carlos Casado naci\u00f3 en Europa en los a\u00f1os 70 y tiempo m\u00e1s tarde se licenci\u00f3 en Bellas Artes. Profesor durante m\u00e1s de una d\u00e9cada, colaborador en programas de radio, apasionado por todo lo audiovisual, cr\u00edtico <em>con<\/em> el cine, compositor, cantante de canciones y <em>contante<\/em> de historias desde hace treinta a\u00f1os, actualmente contin\u00faa trabajando en diversas \u00e1reas relacionadas con la comunicaci\u00f3n, la pedagog\u00eda y la creatividad.<br \/>\nHa formado y deformado varios proyectos musicales, algunos de los cuales se presentan en esta web. Tambi\u00e9n escribe alg\u00fan que otro relato y su primera novela, <em>Ventanas<\/em>, acaba de ser publicada por Malbec Ediciones.<\/p>\n<p>[\/et_pb_text][\/et_pb_column][\/et_pb_row][et_pb_row admin_label=\u00bbrow\u00bb make_fullwidth=\u00bbon\u00bb use_custom_width=\u00bboff\u00bb width_unit=\u00bboff\u00bb custom_width_percent=\u00bb70%\u00bb use_custom_gutter=\u00bbon\u00bb gutter_width=\u00bb2&#8243; custom_padding=\u00bb|||\u00bb padding_mobile=\u00bbon\u00bb allow_player_pause=\u00bboff\u00bb parallax=\u00bboff\u00bb parallax_method=\u00bbon\u00bb make_equal=\u00bboff\u00bb column_padding_mobile=\u00bbon\u00bb background_color_1=\u00bb#000000&#8243; bg_img_4=\u00bbhttp:\/\/maketa.co.uk\/wp-content\/uploads\/2016\/12\/wwww.jpg\u00bb parallax_1=\u00bboff\u00bb parallax_method_1=\u00bbon\u00bb parallax_2=\u00bboff\u00bb parallax_method_2=\u00bbon\u00bb parallax_3=\u00bboff\u00bb parallax_method_3=\u00bbon\u00bb parallax_4=\u00bboff\u00bb parallax_method_4=\u00bbon\u00bb module_class=\u00bbcategories\u00bb disabled=\u00bboff\u00bb][et_pb_column type=\u00bb1_3&#8243;][et_pb_blurb admin_label=\u00bbEscuela de Calor\u00bb title=\u00bbEscuela de Calor\u00bb url_new_window=\u00bboff\u00bb use_icon=\u00bboff\u00bb icon_color=\u00bb#dd3333&#8243; use_circle=\u00bboff\u00bb circle_color=\u00bb#dd3333&#8243; use_circle_border=\u00bboff\u00bb circle_border_color=\u00bb#dd3333&#8243; icon_placement=\u00bbtop\u00bb animation=\u00bbtop\u00bb background_layout=\u00bblight\u00bb text_orientation=\u00bbleft\u00bb use_icon_font_size=\u00bboff\u00bb use_border_color=\u00bboff\u00bb border_color=\u00bb#ffffff\u00bb border_style=\u00bbsolid\u00bb url=\u00bbhttps:\/\/carloscasado.com\/cc\/escuela-de-calor\u00bb image=\u00bbhttps:\/\/carloscasado.com\/cc\/wp-content\/uploads\/2018\/02\/Ecuela-de-Calor-logo.jpg\u00bb \/][\/et_pb_column][et_pb_column type=\u00bb1_3&#8243;][et_pb_blurb admin_label=\u00bbCartero Caballo\u00bb url_new_window=\u00bboff\u00bb use_icon=\u00bboff\u00bb icon_color=\u00bb#dd3333&#8243; use_circle=\u00bboff\u00bb circle_color=\u00bb#dd3333&#8243; use_circle_border=\u00bboff\u00bb circle_border_color=\u00bb#dd3333&#8243; icon_placement=\u00bbtop\u00bb animation=\u00bbtop\u00bb background_layout=\u00bblight\u00bb text_orientation=\u00bbcenter\u00bb use_icon_font_size=\u00bboff\u00bb use_border_color=\u00bboff\u00bb border_color=\u00bb#ffffff\u00bb border_style=\u00bbsolid\u00bb image=\u00bbhttps:\/\/carloscasado.com\/cc\/wp-content\/uploads\/2018\/02\/Cartero-Caballo_logo1.jpg\u00bb url=\u00bbhttps:\/\/carloscasado.com\/cc\/cartero-caballo\u00bb \/][\/et_pb_column][et_pb_column type=\u00bb1_3&#8243;][et_pb_blurb admin_label=\u00bbHotel Calavera\u00bb url_new_window=\u00bboff\u00bb use_icon=\u00bboff\u00bb icon_color=\u00bb#dd3333&#8243; use_circle=\u00bboff\u00bb circle_color=\u00bb#dd3333&#8243; use_circle_border=\u00bboff\u00bb circle_border_color=\u00bb#dd3333&#8243; icon_placement=\u00bbtop\u00bb animation=\u00bbright\u00bb background_layout=\u00bblight\u00bb text_orientation=\u00bbleft\u00bb use_icon_font_size=\u00bboff\u00bb use_border_color=\u00bboff\u00bb border_color=\u00bb#ffffff\u00bb border_style=\u00bbsolid\u00bb image=\u00bbhttps:\/\/carloscasado.com\/cc\/wp-content\/uploads\/2018\/02\/Hotel_Calavera_logo1.jpg\u00bb url=\u00bbhttps:\/\/carloscasado.com\/cc\/hotel-calavera\u00bb \/][\/et_pb_column][\/et_pb_row][\/et_pb_section][et_pb_section bb_built=\u00bb1&#8243; admin_label=\u00bbSecci\u00f3n\u00bb fullwidth=\u00bboff\u00bb specialty=\u00bboff\u00bb transparent_background=\u00bboff\u00bb allow_player_pause=\u00bboff\u00bb inner_shadow=\u00bbon\u00bb parallax=\u00bboff\u00bb parallax_method=\u00bbon\u00bb make_fullwidth=\u00bboff\u00bb use_custom_width=\u00bboff\u00bb width_unit=\u00bbon\u00bb make_equal=\u00bboff\u00bb use_custom_gutter=\u00bboff\u00bb][et_pb_row admin_label=\u00bbFila\u00bb make_fullwidth=\u00bbon\u00bb use_custom_width=\u00bboff\u00bb width_unit=\u00bbon\u00bb use_custom_gutter=\u00bboff\u00bb allow_player_pause=\u00bboff\u00bb parallax=\u00bboff\u00bb parallax_method=\u00bbon\u00bb make_equal=\u00bboff\u00bb parallax_1=\u00bboff\u00bb parallax_method_1=\u00bboff\u00bb background_color_1=\u00bbrgba(0,0,0,0)\u00bb padding_top_1=\u00bb10px\u00bb global_module=\u00bb30388&#8243;][et_pb_column type=\u00bb4_4&#8243;][et_pb_text admin_label=\u00bbTexto\u00bb global_parent=\u00bb30388&#8243; background_layout=\u00bblight\u00bb text_orientation=\u00bbcenter\u00bb use_border_color=\u00bboff\u00bb border_color=\u00bb#ffffff\u00bb border_style=\u00bbsolid\u00bb]<\/p>\n<h3 style=\"text-align: center;\">Contacto<\/h3>\n<p>[\/et_pb_text][et_pb_contact_form admin_label=\u00bbFormulario de contacto\u00bb global_parent=\u00bb30388&#8243; captcha=\u00bbon\u00bb use_redirect=\u00bboff\u00bb input_border_radius=\u00bb0&#8243; use_border_color=\u00bboff\u00bb border_color=\u00bb#ffffff\u00bb border_style=\u00bbsolid\u00bb custom_button=\u00bboff\u00bb button_letter_spacing=\u00bb0&#8243; button_use_icon=\u00bbdefault\u00bb button_icon_placement=\u00bbright\u00bb button_on_hover=\u00bbon\u00bb button_letter_spacing_hover=\u00bb0&#8243; email=\u00bbcarlos@carloscasado.com\u00bb]<\/p>\n<p>[et_pb_contact_field field_title=\u00bbNombre\u00bb field_type=\u00bbinput\u00bb field_id=\u00bbName\u00bb required_mark=\u00bbon\u00bb fullwidth_field=\u00bboff\u00bb \/][et_pb_contact_field field_title=\u00bbDirecci\u00f3n de correo electr\u00f3nico\u00bb field_type=\u00bbemail\u00bb field_id=\u00bbEmail\u00bb required_mark=\u00bbon\u00bb fullwidth_field=\u00bboff\u00bb \/][et_pb_contact_field field_title=\u00bbMensaje\u00bb field_type=\u00bbtext\u00bb field_id=\u00bbMessage\u00bb required_mark=\u00bbon\u00bb fullwidth_field=\u00bbon\u00bb \/]<\/p>\n<p>[\/et_pb_contact_form][\/et_pb_column][\/et_pb_row][\/et_pb_section]<\/p>\n","protected":false},"excerpt":{"rendered":"<p>[et_pb_section bb_built=\u00bb1&#8243; admin_label=\u00bbPhotographer Categories Section\u00bb transparent_background=\u00bboff\u00bb background_color=\u00bb#000000&#8243; allow_player_pause=\u00bboff\u00bb inner_shadow=\u00bboff\u00bb parallax=\u00bboff\u00bb parallax_method=\u00bbon\u00bb custom_padding=\u00bb70px|0px|70px|0px\u00bb padding_mobile=\u00bboff\u00bb make_fullwidth=\u00bboff\u00bb use_custom_width=\u00bboff\u00bb width_unit=\u00bboff\u00bb make_equal=\u00bboff\u00bb use_custom_gutter=\u00bboff\u00bb fullwidth=\u00bboff\u00bb specialty=\u00bboff\u00bb custom_css_main_element=\u00bb100vh;\u00bb disabled=\u00bboff\u00bb collapsed=\u00bboff\u00bb][et_pb_row admin_label=\u00bbFila\u00bb disabled_on=\u00bboff|off|off\u00bb disabled=\u00bboff\u00bb make_fullwidth=\u00bbon\u00bb use_custom_width=\u00bboff\u00bb width_unit=\u00bbon\u00bb use_custom_gutter=\u00bboff\u00bb allow_player_pause=\u00bboff\u00bb parallax=\u00bboff\u00bb parallax_method=\u00bbon\u00bb make_equal=\u00bbon\u00bb parallax_1=\u00bboff\u00bb parallax_method_1=\u00bboff\u00bb parallax_2=\u00bboff\u00bb parallax_method_2=\u00bboff\u00bb][et_pb_column type=\u00bb1_2&#8243;][et_pb_image admin_label=\u00bbImagen &#8211; Logo Carlos Casado\u00bb src=\u00bbhttps:\/\/carloscasado.com\/cc\/wp-content\/uploads\/2017\/06\/carloscasado400.png\u00bb show_in_lightbox=\u00bboff\u00bb url_new_window=\u00bboff\u00bb use_overlay=\u00bboff\u00bb animation=\u00bbfade_in\u00bb sticky=\u00bbon\u00bb align=\u00bbcenter\u00bb force_fullwidth=\u00bboff\u00bb always_center_on_mobile=\u00bbon\u00bb use_border_color=\u00bboff\u00bb border_color=\u00bb#ffffff\u00bb [&hellip;]<\/p>\n","protected":false},"author":1,"featured_media":0,"parent":0,"menu_order":0,"comment_status":"closed","ping_status":"closed","template":"","meta":{"footnotes":""},"class_list":["post-30356","page","type-page","status-publish","hentry"],"_links":{"self":[{"href":"https:\/\/carloscasado.com\/cc\/wp-json\/wp\/v2\/pages\/30356","targetHints":{"allow":["GET"]}}],"collection":[{"href":"https:\/\/carloscasado.com\/cc\/wp-json\/wp\/v2\/pages"}],"about":[{"href":"https:\/\/carloscasado.com\/cc\/wp-json\/wp\/v2\/types\/page"}],"author":[{"embeddable":true,"href":"https:\/\/carloscasado.com\/cc\/wp-json\/wp\/v2\/users\/1"}],"replies":[{"embeddable":true,"href":"https:\/\/carloscasado.com\/cc\/wp-json\/wp\/v2\/comments?post=30356"}],"version-history":[{"count":22,"href":"https:\/\/carloscasado.com\/cc\/wp-json\/wp\/v2\/pages\/30356\/revisions"}],"predecessor-version":[{"id":30446,"href":"https:\/\/carloscasado.com\/cc\/wp-json\/wp\/v2\/pages\/30356\/revisions\/30446"}],"wp:attachment":[{"href":"https:\/\/carloscasado.com\/cc\/wp-json\/wp\/v2\/media?parent=30356"}],"curies":[{"name":"wp","href":"https:\/\/api.w.org\/{rel}","templated":true}]}}