{"id":30438,"date":"2018-02-25T17:50:47","date_gmt":"2018-02-25T17:50:47","guid":{"rendered":"http:\/\/carloscasado.com\/cc\/?page_id=30438"},"modified":"2018-03-05T16:14:41","modified_gmt":"2018-03-05T16:14:41","slug":"hotel-calavera","status":"publish","type":"page","link":"https:\/\/carloscasado.com\/cc\/hotel-calavera\/","title":{"rendered":"Hotel Calavera"},"content":{"rendered":"<p>[et_pb_section bb_built=\u00bb1&#8243; admin_label=\u00bbPhotographer Categories Section\u00bb custom_padding=\u00bb70px|0px|70px|0px\u00bb width_unit=\u00bboff\u00bb fullwidth=\u00bboff\u00bb specialty=\u00bboff\u00bb custom_css_main_element=\u00bb100vh;\u00bb disabled=\u00bboff\u00bb collapsed=\u00bboff\u00bb custom_padding_tablet=\u00bb50px|0|50px|0&#8243; custom_padding_last_edited=\u00bbon|desktop\u00bb _builder_version=\u00bb3.0.105&#8243; next_background_color=\u00bb#000000&#8243;][et_pb_row _builder_version=\u00bb3.0.105&#8243; module_alignment=\u00bbright\u00bb custom_margin=\u00bb0px|0px|0px|0px\u00bb custom_padding=\u00bb0px|0px|0px|0px\u00bb make_fullwidth=\u00bbon\u00bb padding_top_1=\u00bb0px\u00bb padding_right_1=\u00bb0px\u00bb padding_bottom_1=\u00bb0px\u00bb padding_left_1=\u00bb0px\u00bb padding_top_2=\u00bb0px\u00bb padding_right_2=\u00bb0px\u00bb padding_bottom_2=\u00bb0px\u00bb padding_left_2=\u00bb0px\u00bb padding_top_3=\u00bb0px\u00bb padding_right_3=\u00bb0px\u00bb padding_bottom_3=\u00bb0px\u00bb padding_left_3=\u00bb0px\u00bb padding_top_4=\u00bb0px\u00bb padding_right_4=\u00bb0px\u00bb padding_bottom_4=\u00bb0px\u00bb padding_left_4=\u00bb0px\u00bb global_module=\u00bb30568&#8243;][et_pb_column type=\u00bb1_4&#8243;][\/et_pb_column][et_pb_column type=\u00bb1_4&#8243;][\/et_pb_column][et_pb_column type=\u00bb1_4&#8243;][\/et_pb_column][et_pb_column type=\u00bb1_4&#8243;][et_pb_blurb global_parent=\u00bb30568&#8243; _builder_version=\u00bb3.0.105&#8243; title=\u00bbS\u00edguenos\u00bb url_new_window=\u00bboff\u00bb use_icon=\u00bbon\u00bb font_icon=\u00bb%%337%%\u00bb use_circle=\u00bboff\u00bb use_circle_border=\u00bboff\u00bb icon_placement=\u00bbleft\u00bb use_icon_font_size=\u00bbon\u00bb background_layout=\u00bblight\u00bb icon_color=\u00bb#000000&#8243; header_text_align=\u00bbright\u00bb text_orientation=\u00bbright\u00bb icon_font_size=\u00bb20px\u00bb body_text_align=\u00bbright\u00bb custom_margin=\u00bb0px|0px|0px|0px\u00bb custom_padding=\u00bb0px|0px|0px|0px\u00bb url=\u00bbhttps:\/\/www.facebook.com\/hotelcalavera\/\u00bb \/][\/et_pb_column][\/et_pb_row][et_pb_row background_position=\u00bbtop_left\u00bb background_repeat=\u00bbrepeat\u00bb background_size=\u00bbinitial\u00bb][et_pb_column type=\u00bb1_2&#8243;][et_pb_image _builder_version=\u00bb3.0.105&#8243; src=\u00bbhttps:\/\/carloscasado.com\/cc\/wp-content\/uploads\/2018\/02\/Hotel-Calavera-logo2.jpg\u00bb show_in_lightbox=\u00bboff\u00bb url_new_window=\u00bboff\u00bb use_overlay=\u00bboff\u00bb always_center_on_mobile=\u00bbon\u00bb force_fullwidth=\u00bboff\u00bb show_bottom_space=\u00bbon\u00bb \/][\/et_pb_column][et_pb_column type=\u00bb1_2&#8243;][et_pb_divider _builder_version=\u00bb3.0.105&#8243; height=\u00bb30px\u00bb disabled_on=\u00bbon|on|\u00bb disabled=\u00bboff\u00bb \/][et_pb_text _builder_version=\u00bb3.0.105&#8243; background_layout=\u00bblight\u00bb]<\/p>\n<p>Hotel Calavera es el fruto de la colaboraci\u00f3n de Carlos Casado con David Herrera, de quien surgi\u00f3 la idea del grupo, secundada m\u00e1s tarde por Alfonso M\u00fagica y Volker Ledwig. Una celebraci\u00f3n de la m\u00fasica americana de los a\u00f1os 50: Rock and Roll, Rock-a-Billy, Swing, Doo-Wop, Soul, Jazz, Boogie-Woogie y Country se mezclan en nuestra coctelera y se sirven con letras en castellano.<\/p>\n<p>M\u00e1s que de traducir o adaptar, se trataba de recuperar el esp\u00edritu optimista y de cierta rebeld\u00eda que caracterizaba a la m\u00fasica de los a\u00f1os 50, y de situarlo en un contexto actual sin recurrir a los estereotipos.<\/p>\n<p>Nuestros referentes son variopintos (Buddy Holly, Janis Martin, Gene Vincent, Roy Orbison, Eddie Cochran, Elvis Presley, Johnny Cash, Brenda Lee, Hank Williams y Frank Sinatra, por ejemplo) pero todos tienen algo en com\u00fan y coinciden en un tiempo en el que los artistas ten\u00edan, sobre todo, ganas de entretener al p\u00fablico y de hacerle bailar.<\/p>\n<p>[\/et_pb_text][\/et_pb_column][\/et_pb_row][et_pb_row][et_pb_column type=\u00bb1_3&#8243;][et_pb_image _builder_version=\u00bb3.0.105&#8243; src=\u00bbhttps:\/\/carloscasado.com\/cc\/wp-content\/uploads\/2018\/03\/MG_9861-Editar.jpg\u00bb show_in_lightbox=\u00bboff\u00bb url_new_window=\u00bboff\u00bb use_overlay=\u00bboff\u00bb always_center_on_mobile=\u00bbon\u00bb force_fullwidth=\u00bboff\u00bb show_bottom_space=\u00bbon\u00bb url=\u00bbhttps:\/\/carloscasado.com\/cc\/hotel-calavera-audio\/\u00bb \/][et_pb_blurb admin_label=\u00bbAudio\u00bb _builder_version=\u00bb3.0.105&#8243; title=\u00bbM\u00fasica\u00bb url_new_window=\u00bboff\u00bb use_icon=\u00bboff\u00bb use_circle=\u00bboff\u00bb use_circle_border=\u00bboff\u00bb icon_placement=\u00bbtop\u00bb use_icon_font_size=\u00bboff\u00bb background_layout=\u00bblight\u00bb background_position=\u00bbtop_left\u00bb background_repeat=\u00bbrepeat\u00bb background_size=\u00bbinitial\u00bb module_alignment=\u00bbcenter\u00bb text_orientation=\u00bbcenter\u00bb url=\u00bbhttps:\/\/carloscasado.com\/cc\/hotel-calavera-audio\/\u00bb \/][\/et_pb_column][et_pb_column type=\u00bb1_3&#8243;][et_pb_image _builder_version=\u00bb3.0.105&#8243; src=\u00bbhttps:\/\/carloscasado.com\/cc\/wp-content\/uploads\/2018\/03\/MG_9801-1.jpg\u00bb show_in_lightbox=\u00bboff\u00bb url_new_window=\u00bboff\u00bb use_overlay=\u00bboff\u00bb always_center_on_mobile=\u00bbon\u00bb force_fullwidth=\u00bboff\u00bb show_bottom_space=\u00bbon\u00bb url=\u00bbhttps:\/\/carloscasado.com\/cc\/hotel-calavera-galeria\/\u00bb \/][et_pb_blurb admin_label=\u00bbGaleria\u00bb _builder_version=\u00bb3.0.105&#8243; title=\u00bbGaleria\u00bb url_new_window=\u00bboff\u00bb use_icon=\u00bboff\u00bb use_circle=\u00bboff\u00bb use_circle_border=\u00bboff\u00bb icon_placement=\u00bbtop\u00bb use_icon_font_size=\u00bboff\u00bb background_layout=\u00bblight\u00bb background_position=\u00bbtop_left\u00bb background_repeat=\u00bbrepeat\u00bb background_size=\u00bbinitial\u00bb module_alignment=\u00bbcenter\u00bb header_text_align=\u00bbcenter\u00bb url=\u00bbhttps:\/\/carloscasado.com\/cc\/hotel-calavera-galeria\/\u00bb \/][\/et_pb_column][et_pb_column type=\u00bb1_3&#8243;][et_pb_image _builder_version=\u00bb3.0.105&#8243; src=\u00bbhttps:\/\/carloscasado.com\/cc\/wp-content\/uploads\/2018\/03\/MG_9901-Editar.jpg\u00bb show_in_lightbox=\u00bboff\u00bb url_new_window=\u00bboff\u00bb use_overlay=\u00bboff\u00bb always_center_on_mobile=\u00bbon\u00bb force_fullwidth=\u00bboff\u00bb show_bottom_space=\u00bbon\u00bb url=\u00bbhttps:\/\/carloscasado.com\/cc\/hotel-calavera-video\/\u00bb \/][et_pb_blurb admin_label=\u00bbVideo\u00bb _builder_version=\u00bb3.0.105&#8243; title=\u00bbVideo\u00bb url_new_window=\u00bboff\u00bb use_icon=\u00bboff\u00bb use_circle=\u00bboff\u00bb use_circle_border=\u00bboff\u00bb icon_placement=\u00bbtop\u00bb use_icon_font_size=\u00bboff\u00bb background_layout=\u00bblight\u00bb text_orientation=\u00bbcenter\u00bb url=\u00bbhttps:\/\/carloscasado.com\/cc\/hotel-calavera-video\/\u00bb \/][\/et_pb_column][\/et_pb_row][\/et_pb_section][et_pb_section bb_built=\u00bb1&#8243; fullwidth=\u00bbon\u00bb specialty=\u00bboff\u00bb prev_background_color=\u00bb#000000&#8243; next_background_color=\u00bb#579ddc\u00bb][et_pb_fullwidth_image _builder_version=\u00bb3.0.105&#8243; src=\u00bbhttps:\/\/carloscasado.com\/cc\/wp-content\/uploads\/2018\/02\/Hotel-calavera.jpg\u00bb show_in_lightbox=\u00bboff\u00bb url_new_window=\u00bboff\u00bb use_overlay=\u00bboff\u00bb \/][\/et_pb_section][et_pb_section bb_built=\u00bb1&#8243; fullwidth=\u00bboff\u00bb specialty=\u00bboff\u00bb _builder_version=\u00bb3.0.105&#8243; background_color=\u00bb#579ddc\u00bb prev_background_color=\u00bb#ffffff\u00bb][et_pb_row _builder_version=\u00bb3.0.105&#8243;][et_pb_column type=\u00bb4_4&#8243;][et_pb_text _builder_version=\u00bb3.0.105&#8243; background_layout=\u00bbdark\u00bb text_orientation=\u00bbcenter\u00bb]<\/p>\n<h4 style=\"text-align: center;\">Escribe, llama o pulsa el timbre de la recepci\u00f3n<\/h4>\n<p>[\/et_pb_text][et_pb_contact_form captcha=\u00bbon\u00bb use_redirect=\u00bboff\u00bb input_border_radius=\u00bb0&#8243; use_border_color=\u00bboff\u00bb border_color=\u00bb#ffffff\u00bb border_style=\u00bbsolid\u00bb custom_button=\u00bboff\u00bb button_letter_spacing=\u00bb0&#8243; button_use_icon=\u00bbdefault\u00bb button_icon_placement=\u00bbright\u00bb button_on_hover=\u00bbon\u00bb button_letter_spacing_hover=\u00bb0&#8243; email=\u00bbcarlos@carloscasado.com\u00bb border_radii=\u00bbon|0px|0px|0px|0px\u00bb][et_pb_contact_field field_title=\u00bbNombre\u00bb field_type=\u00bbinput\u00bb field_id=\u00bbName\u00bb required_mark=\u00bbon\u00bb fullwidth_field=\u00bboff\u00bb \/][et_pb_contact_field field_title=\u00bbDirecci\u00f3n de correo electr\u00f3nico\u00bb field_type=\u00bbemail\u00bb field_id=\u00bbEmail\u00bb required_mark=\u00bbon\u00bb fullwidth_field=\u00bboff\u00bb \/][et_pb_contact_field field_title=\u00bbMensaje\u00bb field_type=\u00bbtext\u00bb field_id=\u00bbMessage\u00bb required_mark=\u00bbon\u00bb fullwidth_field=\u00bbon\u00bb \/][\/et_pb_contact_form][\/et_pb_column][\/et_pb_row][et_pb_row _builder_version=\u00bb3.0.105&#8243;][et_pb_column type=\u00bb4_4&#8243;][et_pb_divider _builder_version=\u00bb3.0.105&#8243; \/][\/et_pb_column][\/et_pb_row][\/et_pb_section]<\/p>\n","protected":false},"excerpt":{"rendered":"<p>[et_pb_section bb_built=\u00bb1&#8243; admin_label=\u00bbPhotographer Categories Section\u00bb custom_padding=\u00bb70px|0px|70px|0px\u00bb width_unit=\u00bboff\u00bb fullwidth=\u00bboff\u00bb specialty=\u00bboff\u00bb custom_css_main_element=\u00bb100vh;\u00bb disabled=\u00bboff\u00bb collapsed=\u00bboff\u00bb custom_padding_tablet=\u00bb50px|0|50px|0&#8243; custom_padding_last_edited=\u00bbon|desktop\u00bb _builder_version=\u00bb3.0.105&#8243; next_background_color=\u00bb#000000&#8243;][et_pb_row _builder_version=\u00bb3.0.105&#8243; module_alignment=\u00bbright\u00bb custom_margin=\u00bb0px|0px|0px|0px\u00bb custom_padding=\u00bb0px|0px|0px|0px\u00bb make_fullwidth=\u00bbon\u00bb padding_top_1=\u00bb0px\u00bb padding_right_1=\u00bb0px\u00bb padding_bottom_1=\u00bb0px\u00bb padding_left_1=\u00bb0px\u00bb padding_top_2=\u00bb0px\u00bb padding_right_2=\u00bb0px\u00bb padding_bottom_2=\u00bb0px\u00bb padding_left_2=\u00bb0px\u00bb padding_top_3=\u00bb0px\u00bb padding_right_3=\u00bb0px\u00bb padding_bottom_3=\u00bb0px\u00bb padding_left_3=\u00bb0px\u00bb padding_top_4=\u00bb0px\u00bb padding_right_4=\u00bb0px\u00bb padding_bottom_4=\u00bb0px\u00bb padding_left_4=\u00bb0px\u00bb global_module=\u00bb30568&#8243;][et_pb_column type=\u00bb1_4&#8243;][\/et_pb_column][et_pb_column type=\u00bb1_4&#8243;][\/et_pb_column][et_pb_column type=\u00bb1_4&#8243;][\/et_pb_column][et_pb_column type=\u00bb1_4&#8243;][et_pb_blurb global_parent=\u00bb30568&#8243; _builder_version=\u00bb3.0.105&#8243; title=\u00bbS\u00edguenos\u00bb url_new_window=\u00bboff\u00bb use_icon=\u00bbon\u00bb font_icon=\u00bb%%337%%\u00bb use_circle=\u00bboff\u00bb use_circle_border=\u00bboff\u00bb icon_placement=\u00bbleft\u00bb use_icon_font_size=\u00bbon\u00bb background_layout=\u00bblight\u00bb icon_color=\u00bb#000000&#8243; header_text_align=\u00bbright\u00bb [&hellip;]<\/p>\n","protected":false},"author":1,"featured_media":0,"parent":0,"menu_order":0,"comment_status":"closed","ping_status":"closed","template":"","meta":{"footnotes":""},"class_list":["post-30438","page","type-page","status-publish","hentry"],"_links":{"self":[{"href":"https:\/\/carloscasado.com\/cc\/wp-json\/wp\/v2\/pages\/30438","targetHints":{"allow":["GET"]}}],"collection":[{"href":"https:\/\/carloscasado.com\/cc\/wp-json\/wp\/v2\/pages"}],"about":[{"href":"https:\/\/carloscasado.com\/cc\/wp-json\/wp\/v2\/types\/page"}],"author":[{"embeddable":true,"href":"https:\/\/carloscasado.com\/cc\/wp-json\/wp\/v2\/users\/1"}],"replies":[{"embeddable":true,"href":"https:\/\/carloscasado.com\/cc\/wp-json\/wp\/v2\/comments?post=30438"}],"version-history":[{"count":14,"href":"https:\/\/carloscasado.com\/cc\/wp-json\/wp\/v2\/pages\/30438\/revisions"}],"predecessor-version":[{"id":30577,"href":"https:\/\/carloscasado.com\/cc\/wp-json\/wp\/v2\/pages\/30438\/revisions\/30577"}],"wp:attachment":[{"href":"https:\/\/carloscasado.com\/cc\/wp-json\/wp\/v2\/media?parent=30438"}],"curies":[{"name":"wp","href":"https:\/\/api.w.org\/{rel}","templated":true}]}}